{"id":63,"date":"2021-07-21T08:04:33","date_gmt":"2021-07-21T08:04:33","guid":{"rendered":"https:\/\/voicesoftheforest.net\/?page_id=63"},"modified":"2024-04-29T07:37:32","modified_gmt":"2024-04-29T07:37:32","slug":"community","status":"publish","type":"page","link":"https:\/\/voicesoftheforest.net\/pb\/community\/","title":{"rendered":"NOTICIAS\/COMUNIDADE"},"content":{"rendered":"<p>Vozes da Floresta \/ Voices of the forest \u00e9 poss\u00edvel gra\u00e7as ao festival <a href=\"https:\/\/www.sonicmatter.ch\/sonic-world\/openlab\">Openlab \/ The Witness<\/a> em Zurique \/ Su\u00ed\u00e7a.<\/p>\r\n\r\n<p>&nbsp;<\/p>\r\n\r\n<p>Os colaboradores s\u00e3o at\u00e9 agora:<\/p>\r\n<p><strong>Yara Costa<\/strong><\/p>\r\n<p>Dancer\/Choreographer, Manaus, Brazil<\/p>\r\n<p>&nbsp;<\/p>\r\n<p><strong>Chico Dub<\/strong><\/p>\r\n<p>Curator Novas Fr\u00eaquencias Festival, Rio de Janeiro<\/p>\r\n<p>&nbsp;<\/p>\r\n<p><strong>Lilian Fraiji<\/strong><\/p>\r\n<p>Curator Labverde, Manaus, Brazil<\/p>\r\n<p>&nbsp;<\/p>\r\n<p><strong>Ken Gubler<\/strong><\/p>\r\n<p>Programmer\/Sound artist, Zurich, Switzerland<\/p>\r\n<p>&nbsp;<\/p>\r\n<p><strong>David Lapola<\/strong><\/p>\r\n<p>Scientist UNICAMP, Campinas, Brazil<\/p>\r\n<p>&nbsp;<\/p>\r\n<p><a href=\"https:\/\/marcusmaeder.ch\/\"><strong>Marcus Maeder<\/strong><\/a><\/p>\r\n<p>Acoustic Ecologist ZHdK\/ETHZ, Artist, Switzerland<\/p>\r\n<p>&nbsp;<\/p>\r\n<p>Vladimir Marca<\/p>\r\n<p>Guard of the Carrasco National Park<\/p>\r\n<p>&nbsp;<\/p>\r\n<p>Guely Morat\u00f3 Loredo (Bolivia)<\/p>\r\n<p>Director of <a href=\"https:\/\/sonandes.org\/\">Sonandes Plataforma de experimentaci\u00f3n e investigaci\u00f3n<\/a><\/p>\r\n<p>&nbsp;<\/p>\r\n<p><a href=\"https:\/\/victormazon.com\/\">V\u00edctor Maz\u00f3n Gardoqui<\/a> (ES\/DE)<\/p>\r\n<p>Researcher and artist<\/p>\r\n<p>&nbsp;<\/p>\r\n<p>&nbsp;<\/p>","protected":false},"excerpt":{"rendered":"<p>Vozes da Floresta \/ Voices of the forest \u00e9 poss\u00edvel gra\u00e7as ao festival Openlab \/ The Witness em Zurique \/ Su\u00ed\u00e7a. &nbsp; Os colaboradores s\u00e3o at\u00e9 agora: Yara Costa Dancer\/Choreographer, Manaus, Brazil &nbsp; Chico Dub Curator Novas Fr\u00eaquencias Festival, Rio de Janeiro &nbsp; Lilian Fraiji Curator Labverde, Manaus, Brazil &nbsp; Ken Gubler Programmer\/Sound artist, Zurich, [&hellip;]<\/p>\n","protected":false},"author":1,"featured_media":0,"parent":0,"menu_order":4,"comment_status":"closed","ping_status":"closed","template":"","meta":{"footnotes":""},"class_list":["post-63","page","type-page","status-publish","hentry"],"featuredImage":"","_links":{"self":[{"href":"https:\/\/voicesoftheforest.net\/pb\/wp-json\/wp\/v2\/pages\/63","targetHints":{"allow":["GET"]}}],"collection":[{"href":"https:\/\/voicesoftheforest.net\/pb\/wp-json\/wp\/v2\/pages"}],"about":[{"href":"https:\/\/voicesoftheforest.net\/pb\/wp-json\/wp\/v2\/types\/page"}],"author":[{"embeddable":true,"href":"https:\/\/voicesoftheforest.net\/pb\/wp-json\/wp\/v2\/users\/1"}],"replies":[{"embeddable":true,"href":"https:\/\/voicesoftheforest.net\/pb\/wp-json\/wp\/v2\/comments?post=63"}],"version-history":[{"count":32,"href":"https:\/\/voicesoftheforest.net\/pb\/wp-json\/wp\/v2\/pages\/63\/revisions"}],"predecessor-version":[{"id":321,"href":"https:\/\/voicesoftheforest.net\/pb\/wp-json\/wp\/v2\/pages\/63\/revisions\/321"}],"wp:attachment":[{"href":"https:\/\/voicesoftheforest.net\/pb\/wp-json\/wp\/v2\/media?parent=63"}],"curies":[{"name":"wp","href":"https:\/\/api.w.org\/{rel}","templated":true}]}}