{"id":54,"date":"2021-07-21T08:03:43","date_gmt":"2021-07-21T08:03:43","guid":{"rendered":"https:\/\/voicesoftheforest.net\/?page_id=54"},"modified":"2024-12-12T15:03:32","modified_gmt":"2024-12-12T15:03:32","slug":"about","status":"publish","type":"page","link":"https:\/\/voicesoftheforest.net\/pb\/about\/","title":{"rendered":"SOBRE"},"content":{"rendered":"<p>Vozes da floresta \u00e9 um programa de r\u00e1dio inspirado no primeiro livro do ativista ambiental su\u00ed\u00e7o Bruno Manser. Em &#8220;Stimmen aus dem Regenwald&#8221; (Vozes da floresta tropical) de 1992, o artista alerta, pela primeira vez, sobre a amea\u00e7a do desmatamento nas florestas tropicais de Born\u00e9u. Al\u00e9m de suas pr\u00f3prias descri\u00e7\u00f5es, ele documentou \u201cas vozes da floresta\u201d coletando depoimentos e relatos da popula\u00e7\u00e3o ind\u00edgena dos Penan, assim como de cientistas e jornalistas. Para contribuir com o programa da r\u00e1dio web convidamos uma rede de agentes locais possibilitando um c\u00edrculo de escuta composto por ind\u00edgenas, cientistas e artistas engajados com a Floresta Amaz\u00f4nica e suas amea\u00e7as. Al\u00e9m disso, assim como no trabalho de Manser, a ideia \u00e9 estender a escuta aos habitantes n\u00e3o humanos, integrando tamb\u00e9m suas vozes para criar uma r\u00e1dio comunit\u00e1ria interesp\u00e9cies.<\/p>\r\n<p>Um aspecto essencial que distingue a paisagem sonora da floresta amaz\u00f4nica das florestas europeias \u00e9 que a biodiversidade de animais aud\u00edveis \u00e9 extremamente alta, com uma estruturada sonora muito mais densa e intensa do que nas florestas temperadas. Ainda assim, a paisagem sonora da floresta tropical \u00e9 altamente organizada. Cada animal aud\u00edvel tem seu nicho ac\u00fastico, onde se comunica para marcar territ\u00f3rio, alertar sobre inimigos ou atrair parceiros sexuais. O espectro auditivo da floresta tropical \u00e9 estruturado em bandas de frequ\u00eancia precisamente definidas, onde animais de esp\u00e9cies individuais se comunicam entre si, sem sofrerem a sobreposi\u00e7\u00e3o ou a interfer\u00eancia sonora de outras esp\u00e9cies. Quando animais individuais se comunicam nas mesmas bandas de frequ\u00eancia, eles ser\u00e3o ativos em per\u00edodos de tempo diferentes. Esta descoberta foi feita pelo ecoac\u00fastico Bernie Krause, na d\u00e9cada de 1970.<\/p>\r\n<p>Vozes humanas &#8211; artificiais, art\u00edsticas ou musicais &#8211; ser\u00e3o integradas \u00e0 rede de informa\u00e7\u00f5es ac\u00fasticas, complementando a paisagem sonora da floresta tropical, com pensamentos e a\u00e7\u00f5es humanas aud\u00edveis. Uma ferramenta de programa\u00e7\u00e3o de f\u00e1cil contribui\u00e7\u00e3o remota, permite com que os colaboradores do projeto, reproduzam suas contribui\u00e7\u00f5es ac\u00fasticas uma ou v\u00e1rias vezes no fluxo de transmiss\u00e3o. Qualquer forma \u00e9 poss\u00edvel na radio web: uma pe\u00e7a musical, um manifesto, uma descoberta ou texto cient\u00edfico, pensamentos ou observa\u00e7\u00f5es pessoais, e assim por diante. O \u00fanico e mais importante requisito \u00e9 que o conte\u00fado se integre harmoniosamente na paisagem sonora e n\u00e3o interfira nas demais fontes sonoras, sejam os sons dos animais ou de outros colaboradores. A r\u00e1dio se prop\u00f5e como uma pr\u00e1tica art\u00edstica, cient\u00edfica e social, que comp\u00f5e a paisagem sonora e o ecossistema da floresta tropical de forma metaf\u00f3rica.<\/p>\r\n<p>A virtualidade da web r\u00e1dio tamb\u00e9m ser\u00e1 projetada no mundo anal\u00f3gico, j\u00e1 que a paisagem sonora da floresta tropical ser\u00e1 ampliada art\u00edstica, cient\u00edfica e socialmente em apresenta\u00e7\u00f5es ao vivo, em diversos festivais.<\/p>","protected":false},"excerpt":{"rendered":"<p>Vozes da floresta \u00e9 um programa de r\u00e1dio inspirado no primeiro livro do ativista ambiental su\u00ed\u00e7o Bruno Manser. Em &#8220;Stimmen aus dem Regenwald&#8221; (Vozes da floresta tropical) de 1992, o artista alerta, pela primeira vez, sobre a amea\u00e7a do desmatamento nas florestas tropicais de Born\u00e9u. Al\u00e9m de suas pr\u00f3prias descri\u00e7\u00f5es, ele documentou \u201cas vozes da [&hellip;]<\/p>\n","protected":false},"author":1,"featured_media":0,"parent":0,"menu_order":1,"comment_status":"closed","ping_status":"closed","template":"","meta":{"footnotes":""},"class_list":["post-54","page","type-page","status-publish","hentry"],"featuredImage":"","_links":{"self":[{"href":"https:\/\/voicesoftheforest.net\/pb\/wp-json\/wp\/v2\/pages\/54","targetHints":{"allow":["GET"]}}],"collection":[{"href":"https:\/\/voicesoftheforest.net\/pb\/wp-json\/wp\/v2\/pages"}],"about":[{"href":"https:\/\/voicesoftheforest.net\/pb\/wp-json\/wp\/v2\/types\/page"}],"author":[{"embeddable":true,"href":"https:\/\/voicesoftheforest.net\/pb\/wp-json\/wp\/v2\/users\/1"}],"replies":[{"embeddable":true,"href":"https:\/\/voicesoftheforest.net\/pb\/wp-json\/wp\/v2\/comments?post=54"}],"version-history":[{"count":22,"href":"https:\/\/voicesoftheforest.net\/pb\/wp-json\/wp\/v2\/pages\/54\/revisions"}],"predecessor-version":[{"id":325,"href":"https:\/\/voicesoftheforest.net\/pb\/wp-json\/wp\/v2\/pages\/54\/revisions\/325"}],"wp:attachment":[{"href":"https:\/\/voicesoftheforest.net\/pb\/wp-json\/wp\/v2\/media?parent=54"}],"curies":[{"name":"wp","href":"https:\/\/api.w.org\/{rel}","templated":true}]}}