{"id":63,"date":"2021-07-21T08:04:33","date_gmt":"2021-07-21T08:04:33","guid":{"rendered":"https:\/\/voicesoftheforest.net\/?page_id=63"},"modified":"2024-04-29T07:37:32","modified_gmt":"2024-04-29T07:37:32","slug":"community","status":"publish","type":"page","link":"https:\/\/voicesoftheforest.net\/es\/community\/","title":{"rendered":"NOTICIAS\/COMUNIDAD"},"content":{"rendered":"<p><strong>#Focus Bolivia#<\/strong><\/p>\r\n<p>Nuestro programa de noviembre\/diciembre se centra en Bolivia y en la parte boliviana de la selva amaz\u00f3nica. El programa del foco fue creado en el marco de la 5\u00aa Bienal de Arte Sonoro de Sonandes en La Paz y da una plataforma a dos colectivos:<\/p>\r\n<p><strong>Sonandes<\/strong> es una plataforma dedicada a la promoci\u00f3n y difusi\u00f3n de pr\u00e1cticas sonoras contempor\u00e1neas, que re\u00fane a creadores que investigan, desarrollan y exhiben proyectos relacionados con el sonido y la escucha. Promueve la producci\u00f3n y la investigaci\u00f3n como v\u00eda de conocimiento y pensamiento colectivo. Promueve la creaci\u00f3n de exposiciones especializadas en arte sonoro y el estudio de los sentidos, valora la cooperaci\u00f3n internacional y la importancia de forjar una cultura de la escucha. Desde 2014 desarrolla un trabajo multidisciplinario y realiza encuentros y actividades como: Bienal Internacional de Arte Sonoro Sonandes, Puertos: Programa de Residencias de Creaci\u00f3n, Laboratorios y Publicaciones.<\/p>\r\n<p><strong>La Fuga Radial<\/strong> es un espacio de mujeres, abierto, colaborativo, libre y aut\u00f3nomo. Desde el 2021 genera tomas temporales de radio online que se construyen desde la lucha y cobertura callejera, el software libre, la contrainformaci\u00f3n libertaria y el radialismo comunitario. Busca escuchar y amplificar las m\u00faltiples voces de las luchas por la vida. Las transmisiones realizadas hasta la fecha cuentan con reportes de diversas territorialidades de Bolivia, y suma\u00a0 esfuerzos a trabajos y transmisiones colaborativas con otros medios libres del Abya Yala.<\/p>\r\n<p>Tem\u00e1ticamente, las contribuciones de Sonandes tratan de las caracter\u00edsticas del ecosistema de la selva boliviana y su protecci\u00f3n. El colectivo ha realizado investigaciones de audio en el Parque Nacional de Carrasco y otras regiones. Las contribuciones se pueden escuchar a las 13:00, 18:00 y 23:00 (hora de La Paz).<\/p>\r\n<p>El colectivo La Fuga radial se ocupa de los incendios forestales en Bolivia. En agosto de 2022, los incendios destruyeron m\u00e1s de dos millones de hect\u00e1reas de bosques y pastizales, incluso en zonas protegidas. Los ecologistas culpan al gobierno de los incendios forestales. Por ley, el gobierno ha fomentado la quema de bosques y pastos con fines agr\u00edcolas.Las contribuciones se pueden escuchar a las 14:00, 19:00 y 24:00 (hora de La Paz).<\/p>\r\n<p>El programa de radio #Focus Bolivia cuenta con el apoyo de<a href=\"https:\/\/southamerica.prohelvetia.org\/es\/\" target=\"_blank\" rel=\"noopener\"> Pro Helvetia Sudam\u00e9rica.<\/a><\/p>\r\n<p>Vozes da Floresta\/Voces del bosque es posible gracias al festival <a href=\"https:\/\/www.sonicmatter.ch\/sonic-world\/openlab\">Openlab\/The Witness<\/a> de Z\u00farich\/Suiza.<\/p>\r\n<p>Los colaboradores son hasta la fecha<\/p>\r\n<p><strong>Yara Costa<\/strong><\/p>\r\n<p>Bailarina\/Core\u00f3grafa, Manaos, Brasil<\/p>\r\n<p><strong>Chico Dub<\/strong><\/p>\r\n<p>Curador del Festival Novas Fr\u00eaquencias, R\u00edo de Janeiro<\/p>\r\n<p><strong>Lilian Fraiji<\/strong><\/p>\r\n<p>Curadora Labverde, Manaos, Brasil<\/p>\r\n<p><strong>Ken Gubler<\/strong><\/p>\r\n<p>Programador\/artista sonoro, Z\u00farich, Suiza<\/p>\r\n<p><strong>David Lapola<\/strong><\/p>\r\n<p>Cient\u00edfico UNICAMP, Campinas, Brasil<\/p>\r\n<p><strong>Marcus Maeder<\/strong><\/p>\r\n<p>Ec\u00f3logo ac\u00fastico ZHdK\/ETHZ, Artista, Suiza<\/p>\r\n<p><strong>Vladimir Marca<\/strong><\/p>\r\n<p>Guard of the Carrasco National Park<\/p>\r\n<p><strong>Guely Morat\u00f3 Loredo (Bolivia)<\/strong><\/p>\r\n<p>Directora de <a href=\"https:\/\/sonandes.org\/\">Sonandes Plataforma de experimentaci\u00f3n e investigaci\u00f3n<\/a><\/p>\r\n<p><strong><a href=\"https:\/\/victormazon.com\/\">V\u00edctor Maz\u00f3n Gardoqui<\/a> (ES\/DE)<\/strong><\/p>\r\n<p>Investigador y artista<\/p>\r\n<p>&nbsp;<\/p>","protected":false},"excerpt":{"rendered":"<p>#Focus Bolivia# Nuestro programa de noviembre\/diciembre se centra en Bolivia y en la parte boliviana de la selva amaz\u00f3nica. El programa del foco fue creado en el marco de la 5\u00aa Bienal de Arte Sonoro de Sonandes en La Paz y da una plataforma a dos colectivos: Sonandes es una plataforma dedicada a la promoci\u00f3n [&hellip;]<\/p>\n","protected":false},"author":1,"featured_media":0,"parent":0,"menu_order":4,"comment_status":"closed","ping_status":"closed","template":"","meta":{"footnotes":""},"class_list":["post-63","page","type-page","status-publish","hentry"],"featuredImage":"","_links":{"self":[{"href":"https:\/\/voicesoftheforest.net\/es\/wp-json\/wp\/v2\/pages\/63","targetHints":{"allow":["GET"]}}],"collection":[{"href":"https:\/\/voicesoftheforest.net\/es\/wp-json\/wp\/v2\/pages"}],"about":[{"href":"https:\/\/voicesoftheforest.net\/es\/wp-json\/wp\/v2\/types\/page"}],"author":[{"embeddable":true,"href":"https:\/\/voicesoftheforest.net\/es\/wp-json\/wp\/v2\/users\/1"}],"replies":[{"embeddable":true,"href":"https:\/\/voicesoftheforest.net\/es\/wp-json\/wp\/v2\/comments?post=63"}],"version-history":[{"count":32,"href":"https:\/\/voicesoftheforest.net\/es\/wp-json\/wp\/v2\/pages\/63\/revisions"}],"predecessor-version":[{"id":321,"href":"https:\/\/voicesoftheforest.net\/es\/wp-json\/wp\/v2\/pages\/63\/revisions\/321"}],"wp:attachment":[{"href":"https:\/\/voicesoftheforest.net\/es\/wp-json\/wp\/v2\/media?parent=63"}],"curies":[{"name":"wp","href":"https:\/\/api.w.org\/{rel}","templated":true}]}}